{"id":26,"date":"2022-11-17T17:21:25","date_gmt":"2022-11-17T16:21:25","guid":{"rendered":"https:\/\/www.mimerskolan.se\/?page_id=26"},"modified":"2022-11-25T11:52:06","modified_gmt":"2022-11-25T10:52:06","slug":"profil-idrott-och-halsa","status":"publish","type":"page","link":"https:\/\/www.mimerskolan.se\/?page_id=26","title":{"rendered":"Profil Idrott och H\u00e4lsa"},"content":{"rendered":"\n<p>Ena dagen i klassrummet, andra dagen i fj\u00e4llen!<\/p>\n\n\n\n<p>Idrott och&nbsp;h\u00e4lsoprofil ger goda studieresultat och en grund f\u00f6r livsl\u00e5ng h\u00e4lsa. Forskningen&nbsp;visar p\u00e5 att idrott och regelbunden fysisk aktivitet fr\u00e4mjar studier och f\u00e5r dig att m\u00e5 bra. Positiva upplevelser av r\u00f6relse och friluftsliv under uppv\u00e4xt\u00e5ren har stor betydelse f\u00f6r om vi blir fysiskt&nbsp;aktiva senare i livet.<br>Genom undervisningen str\u00e4var vi efter att eleverna ska m\u00f6ta m\u00e5nga olika slags aktiviteter under olika \u00e5rstider. En viktig del i undervisningen \u00e4r att eleverna utvecklar sin samarbetsf\u00f6rm\u00e5ga och respekt f\u00f6r varandra.<\/p>\n\n\n\n<p>P\u00e5 Mimerskolan har vi en r\u00f6d tr\u00e5d fr\u00e5n \u00e5r 4-9 vad det g\u00e4ller friluftsliv och utomhuspedagogik. V\u00e5rt m\u00e5l \u00e4r att skapa ett intresse f\u00f6r att vistas i utemilj\u00f6er samt naturen under olika \u00e5rstider och f\u00e5 f\u00f6rst\u00e5else f\u00f6r v\u00e4rdet av ett aktivt friluftsliv. Skid\u00e5kning p\u00e5 l\u00e4ngden och utf\u00f6r samt skridsko\u00e5kning ing\u00e5r i utomhusaktiviteterna.<\/p>\n\n\n\n<figure class=\"wp-block-image size-full\"><img loading=\"lazy\" decoding=\"async\" width=\"566\" height=\"849\" src=\"https:\/\/www.mimerskolan.se\/wp-content\/uploads\/2022\/11\/fjallen5-1.jpg\" alt=\"\" class=\"wp-image-162\" srcset=\"https:\/\/www.mimerskolan.se\/wp-content\/uploads\/2022\/11\/fjallen5-1.jpg 566w, https:\/\/www.mimerskolan.se\/wp-content\/uploads\/2022\/11\/fjallen5-1-200x300.jpg 200w\" sizes=\"auto, (max-width: 566px) 100vw, 566px\" \/><\/figure>\n\n\n\n<p>Du f\u00e5r l\u00e4ra dig att&nbsp;laga mat med bl a Trangiak\u00f6k och \u00f6ver \u00f6ppen eld, paddla kanot, hantera n\u00f6dsituationer vid vatten, t ex isvakskunskap, orientera i n\u00e4rmilj\u00f6 samt i ok\u00e4nd terr\u00e4ng. Vi utg\u00e5r fr\u00e5n allemansr\u00e4tten, vilka skyldigheter och r\u00e4ttigheter vi har n\u00e4r vi r\u00f6r oss ute i naturen. Inte st\u00f6ra, inte f\u00f6rst\u00f6ra. V\u00e5r n\u00e4rmilj\u00f6 med tillg\u00e5ng till Norra berget, Ryggissp\u00e5ret och skogen runt omkring skapar fantastiska undervisningsmilj\u00f6er. Viss utbildning sker vid Sidsj\u00f6n och S\u00f6dra berget.<\/p>\n\n\n\n<figure class=\"wp-block-image size-large\"><img loading=\"lazy\" decoding=\"async\" width=\"1024\" height=\"683\" src=\"https:\/\/www.mimerskolan.se\/wp-content\/uploads\/2022\/11\/fjallen21-1024x683.jpg\" alt=\"\" class=\"wp-image-157\" srcset=\"https:\/\/www.mimerskolan.se\/wp-content\/uploads\/2022\/11\/fjallen21-1024x683.jpg 1024w, https:\/\/www.mimerskolan.se\/wp-content\/uploads\/2022\/11\/fjallen21-300x200.jpg 300w, https:\/\/www.mimerskolan.se\/wp-content\/uploads\/2022\/11\/fjallen21-768x512.jpg 768w, https:\/\/www.mimerskolan.se\/wp-content\/uploads\/2022\/11\/fjallen21.jpg 1273w\" sizes=\"auto, (max-width: 1024px) 100vw, 1024px\" \/><\/figure>\n\n\n\n<p>Friluftslivsutbildningen avslutas i \u00e5r nio d\u00e5 eleverna fj\u00e4llvandrar i Oviksfj\u00e4llen. Denna vandring \u00e4r en del i niornas Tema \u201dFj\u00e4llen\u201d som ocks\u00e5 inkluderar \u00e4mnen som biologi, hem- och konsumentkunskap och geografi tillsammans med idrott och h\u00e4lsa.<\/p>\n","protected":false},"excerpt":{"rendered":"<p>Ena dagen i klassrummet, andra dagen i fj\u00e4llen! Idrott och&nbsp;h\u00e4lsoprofil ger goda studieresultat och en grund f\u00f6r livsl\u00e5ng h\u00e4lsa. Forskningen&nbsp;visar p\u00e5 att idrott och regelbunden fysisk aktivitet fr\u00e4mjar studier och f\u00e5r dig att m\u00e5 bra. Positiva upplevelser av r\u00f6relse och friluftsliv under uppv\u00e4xt\u00e5ren har stor betydelse f\u00f6r om vi blir fysiskt&nbsp;aktiva senare i livet.Genom undervisningen [&hellip;]<\/p>\n","protected":false},"author":1,"featured_media":0,"parent":0,"menu_order":0,"comment_status":"closed","ping_status":"closed","template":"","meta":{"footnotes":""},"class_list":["post-26","page","type-page","status-publish","hentry"],"_links":{"self":[{"href":"https:\/\/www.mimerskolan.se\/index.php?rest_route=\/wp\/v2\/pages\/26","targetHints":{"allow":["GET"]}}],"collection":[{"href":"https:\/\/www.mimerskolan.se\/index.php?rest_route=\/wp\/v2\/pages"}],"about":[{"href":"https:\/\/www.mimerskolan.se\/index.php?rest_route=\/wp\/v2\/types\/page"}],"author":[{"embeddable":true,"href":"https:\/\/www.mimerskolan.se\/index.php?rest_route=\/wp\/v2\/users\/1"}],"replies":[{"embeddable":true,"href":"https:\/\/www.mimerskolan.se\/index.php?rest_route=%2Fwp%2Fv2%2Fcomments&post=26"}],"version-history":[{"count":3,"href":"https:\/\/www.mimerskolan.se\/index.php?rest_route=\/wp\/v2\/pages\/26\/revisions"}],"predecessor-version":[{"id":163,"href":"https:\/\/www.mimerskolan.se\/index.php?rest_route=\/wp\/v2\/pages\/26\/revisions\/163"}],"wp:attachment":[{"href":"https:\/\/www.mimerskolan.se\/index.php?rest_route=%2Fwp%2Fv2%2Fmedia&parent=26"}],"curies":[{"name":"wp","href":"https:\/\/api.w.org\/{rel}","templated":true}]}}