{"id":224,"date":"2022-12-05T00:15:03","date_gmt":"2022-12-04T23:15:03","guid":{"rendered":"https:\/\/www.mimerskolan.se\/?page_id=224"},"modified":"2023-01-11T09:14:15","modified_gmt":"2023-01-11T08:14:15","slug":"foreningen-mimers-brunn-skolans-huvudman","status":"publish","type":"page","link":"https:\/\/www.mimerskolan.se\/?page_id=224","title":{"rendered":"F\u00f6reningen Mimers Brunn &#8211; skolans huvudman"},"content":{"rendered":"\n<p>Mimerskolan drivs av den ideella f\u00f6r\u00e4ldraf\u00f6reningen Mimers brunn. Det inneb\u00e4r att representanter fr\u00e5n f\u00f6r\u00e4ldrarna p\u00e5 skolan bildar skolans styrelse och \u00e4r huvudman f\u00f6r skolan. Att skolan drivs som ideell f\u00f6rening inneb\u00e4r ocks\u00e5 att skolan aldrig tar ut vinst utan alla pengar g\u00e5r oavkortat till verksamheten och kommer eleverna till gagn.<\/p>\n\n\n\n<p><strong>Styrelsens vision f\u00f6r 2025<\/strong><\/p>\n\n\n\n<p>V\u00e4sternorrlands b\u00e4sta grundskola, med de b\u00e4sta f\u00f6ruts\u00e4ttningarna f\u00f6r l\u00e4rande och framtida framg\u00e5ngar!<\/p>\n\n\n\n<p><strong>Verksamhetsid\u00e9<\/strong><\/p>\n\n\n\n<figure class=\"wp-block-image size-full\"><img loading=\"lazy\" decoding=\"async\" width=\"640\" height=\"640\" src=\"https:\/\/www.mimerskolan.se\/wp-content\/uploads\/2022\/11\/26863896_403336093439435_7081792353979072512_n.jpg\" alt=\"\" class=\"wp-image-55\" srcset=\"https:\/\/www.mimerskolan.se\/wp-content\/uploads\/2022\/11\/26863896_403336093439435_7081792353979072512_n.jpg 640w, https:\/\/www.mimerskolan.se\/wp-content\/uploads\/2022\/11\/26863896_403336093439435_7081792353979072512_n-300x300.jpg 300w, https:\/\/www.mimerskolan.se\/wp-content\/uploads\/2022\/11\/26863896_403336093439435_7081792353979072512_n-150x150.jpg 150w\" sizes=\"auto, (max-width: 640px) 100vw, 640px\" \/><\/figure>\n\n\n\n<p>V\u00e5r verksamhetsid\u00e9 \u00e4r att driva en F-9 grundskola i sm\u00e5 handledargrupper och med profil\u00e4mnena musik samt idrott\/h\u00e4lsa. Med sm\u00e5 handledargrupper blir den enskilda eleven l\u00e4ttare synliggjord och b\u00e4ttre f\u00f6ruts\u00e4ttningar skapas f\u00f6r att tillgodose dennes behov. Med sm\u00e5 handledargrupper skapas den b\u00e4sta milj\u00f6n f\u00f6r att elever ska kunna ta till sig kunskaper och utvecklas som m\u00e4nniskor.<\/p>\n\n\n\n<p>Skolan har valt fyra huvudstrategier att jobba efter f\u00f6r att \u00f6ka m\u00e5luppfyllelsen. Strategierna \u00e4r <strong>formativ bed\u00f6mning, kollegialt l\u00e4rande, resursf\u00f6rdelning samt pedagogiskt ledarskap<\/strong>. Strategierna \u00e4r valda utifr\u00e5n forskning om vad som verkligen p\u00e5verkar elevernas l\u00e4rande positivt och skolan arbetar efter en f\u00f6rutbest\u00e4md analysmall f\u00f6r att hitta f\u00f6ruts\u00e4ttningar och f\u00f6rb\u00e4ttringsbehov. Det tematiska arbetet och loggboken \u00e4r ocks\u00e5 en del av det pedagogiska st\u00e4llningstagandet.<\/p>\n\n\n\n<p><strong>Organisation av styrelsen<\/strong><\/p>\n\n\n\n<p>F\u00f6reningen Mimers Brunn best\u00e5r av samtliga f\u00f6r\u00e4ldrar som har sina barn p\u00e5 Mimerskolan. F\u00f6reningen v\u00e4ljer sina styrelsemedlemmar p\u00e5 \u00e5rsst\u00e4mman varje h\u00f6st, och styrelsen best\u00e5r idag av fem ledam\u00f6ter samt en ordf\u00f6rande. Samtliga ledam\u00f6ter v\u00e4ljs p\u00e5 tv\u00e5 \u00e5r, f\u00f6rutom ordf\u00f6randen som v\u00e4ljs p\u00e5 ett \u00e5r i taget. Styrelsen \u00e4r utsedd att f\u00f6retr\u00e4da f\u00f6reningen som dess huvudman. Rektor och personalrepresentanter samt annan personal \u00e4r adjungerad till styrelsem\u00f6tena n\u00e4r styrelsen s\u00e5 \u00f6nskar.<\/p>\n\n\n\n<p>F\u00f6reningen v\u00e4ljer sina styrelsemedlemmar p\u00e5 \u00e5rsst\u00e4mman varje h\u00f6st, och styrelsen best\u00e5r idag av fem ledam\u00f6ter samt en ordf\u00f6rande. Samtliga ledam\u00f6ter v\u00e4ljs p\u00e5 tv\u00e5 \u00e5r, f\u00f6rutom ordf\u00f6randen som v\u00e4ljs p\u00e5 ett \u00e5r i taget. Styrelsen \u00e4r utsedd att f\u00f6retr\u00e4da f\u00f6reningen som dess huvudman. Rektor och personalrepresentanter samt annan personal \u00e4r adjungerad till styrelsem\u00f6tena n\u00e4r styrelsen s\u00e5 \u00f6nskar.<\/p>\n\n\n\n<p>Styrelsen sammantr\u00e4der vid ca 10 tillf\u00e4llen per l\u00e4s\u00e5r. I b\u00f6rjan av varje m\u00e5nad rapporterar rektor till styrelsen via en strukturerad m\u00e5nadsrapport som beskriver verksamhetens nul\u00e4ge, avvikelser och \u00e5tg\u00e4rder. P\u00e5 styrelsem\u00f6tena ger rektor d\u00e4refter styrelsen en genomg\u00e5ng av denna. Genom m\u00e5nadsrapporten kan styrelsen systematiskt planera, f\u00f6lja upp och utveckla utbildningen.<\/p>\n\n\n\n<p>Rektor och bitr\u00e4dande rektor uppr\u00e4ttar \u00e5rsvis kvalitetsrapport \u00f6ver s\u00e5v\u00e4l skol- som fritidsverksamhet och huvudmannen skriver huvudmannarapporten. Dessa kvalitetsrapporter ligger som grund f\u00f6r huvudmannens uppdrag till rektor att genomf\u00f6ra och utveckla prioriterade omr\u00e5den f\u00f6r verksamheten. I och med detta strukturerade arbetss\u00e4tt kan styrelsen f\u00f6lja utveckling, avvikelser och \u00e5tg\u00e4rder. Ut\u00f6ver det s\u00e5 har styrelse och rektor samt bitr\u00e4dande rektor en n\u00e4ra kommunikation via telefon och mail.<\/p>\n\n\n\n<p>Styrelsen deltar i utbildning f\u00f6r att kompetensutveckla sig sj\u00e4lva ang\u00e5ende f\u00f6ruts\u00e4ttningarna f\u00f6r att driva frist\u00e5ende skola in i framtiden.<\/p>\n\n\n\n<p>kontakta styrelsen: <a href=\"mailto:styrelsen@mimerskolan.se\">styrelsen@mimerskolan.se<\/a><\/p>\n","protected":false},"excerpt":{"rendered":"<p>Mimerskolan drivs av den ideella f\u00f6r\u00e4ldraf\u00f6reningen Mimers brunn. Det inneb\u00e4r att representanter fr\u00e5n f\u00f6r\u00e4ldrarna p\u00e5 skolan bildar skolans styrelse och \u00e4r huvudman f\u00f6r skolan. Att skolan drivs som ideell f\u00f6rening inneb\u00e4r ocks\u00e5 att skolan aldrig tar ut vinst utan alla pengar g\u00e5r oavkortat till verksamheten och kommer eleverna till gagn. Styrelsens vision f\u00f6r 2025 V\u00e4sternorrlands [&hellip;]<\/p>\n","protected":false},"author":1,"featured_media":0,"parent":0,"menu_order":0,"comment_status":"closed","ping_status":"closed","template":"","meta":{"footnotes":""},"class_list":["post-224","page","type-page","status-publish","hentry"],"_links":{"self":[{"href":"https:\/\/www.mimerskolan.se\/index.php?rest_route=\/wp\/v2\/pages\/224","targetHints":{"allow":["GET"]}}],"collection":[{"href":"https:\/\/www.mimerskolan.se\/index.php?rest_route=\/wp\/v2\/pages"}],"about":[{"href":"https:\/\/www.mimerskolan.se\/index.php?rest_route=\/wp\/v2\/types\/page"}],"author":[{"embeddable":true,"href":"https:\/\/www.mimerskolan.se\/index.php?rest_route=\/wp\/v2\/users\/1"}],"replies":[{"embeddable":true,"href":"https:\/\/www.mimerskolan.se\/index.php?rest_route=%2Fwp%2Fv2%2Fcomments&post=224"}],"version-history":[{"count":5,"href":"https:\/\/www.mimerskolan.se\/index.php?rest_route=\/wp\/v2\/pages\/224\/revisions"}],"predecessor-version":[{"id":271,"href":"https:\/\/www.mimerskolan.se\/index.php?rest_route=\/wp\/v2\/pages\/224\/revisions\/271"}],"wp:attachment":[{"href":"https:\/\/www.mimerskolan.se\/index.php?rest_route=%2Fwp%2Fv2%2Fmedia&parent=224"}],"curies":[{"name":"wp","href":"https:\/\/api.w.org\/{rel}","templated":true}]}}