{"id":16,"date":"2022-11-17T17:09:10","date_gmt":"2022-11-17T16:09:10","guid":{"rendered":"https:\/\/www.mimerskolan.se\/?page_id=16"},"modified":"2022-12-05T18:23:11","modified_gmt":"2022-12-05T17:23:11","slug":"synpunkter-och-forbattringsforslag","status":"publish","type":"page","link":"https:\/\/www.mimerskolan.se\/?page_id=16","title":{"rendered":"Klagom\u00e5lshantering"},"content":{"rendered":"\n<p>Om du har synpunkter, f\u00f6rslag eller vill ge feedback p\u00e5 v\u00e5r verksamhet g\u00e5r det bra att kontakta personal eller skolledningen via e-post eller telefon.<\/p>\n\n\n\n<figure class=\"wp-block-image size-large\"><img loading=\"lazy\" decoding=\"async\" width=\"1024\" height=\"683\" src=\"https:\/\/www.mimerskolan.se\/wp-content\/uploads\/2022\/11\/MG_9088-1024x683.jpg\" alt=\"\" class=\"wp-image-148\" srcset=\"https:\/\/www.mimerskolan.se\/wp-content\/uploads\/2022\/11\/MG_9088-1024x683.jpg 1024w, https:\/\/www.mimerskolan.se\/wp-content\/uploads\/2022\/11\/MG_9088-300x200.jpg 300w, https:\/\/www.mimerskolan.se\/wp-content\/uploads\/2022\/11\/MG_9088-768x512.jpg 768w, https:\/\/www.mimerskolan.se\/wp-content\/uploads\/2022\/11\/MG_9088-1200x800.jpg 1200w, https:\/\/www.mimerskolan.se\/wp-content\/uploads\/2022\/11\/MG_9088.jpg 1417w\" sizes=\"auto, (max-width: 1024px) 100vw, 1024px\" \/><\/figure>\n\n\n\n<p>Alla huvudm\u00e4n har ett ansvar att ta emot och utreda klagom\u00e5l mot den utbildning som huvudmannen bedriver. Klagom\u00e5lshantering inneb\u00e4r att barn, elever, v\u00e5rdnadshavare och andra ska kunna l\u00e4mna sina klagom\u00e5l till huvudmannen och att denne ska utreda fr\u00e5gan och \u00e5tg\u00e4rda eventuella brister i verksamheten. Huvudman f\u00f6r Mimerskolan \u00e4r f\u00f6reningen Mimers brunn. Kontakt med styrelsen g\u00e5r via e-post:<\/p>\n\n\n\n<p><strong><a href=\"mailto:styrelsen@mimerskolan.se\">styrelsen@mimerskolan.se<\/a><\/strong><\/p>\n","protected":false},"excerpt":{"rendered":"<p>Om du har synpunkter, f\u00f6rslag eller vill ge feedback p\u00e5 v\u00e5r verksamhet g\u00e5r det bra att kontakta personal eller skolledningen via e-post eller telefon. Alla huvudm\u00e4n har ett ansvar att ta emot och utreda klagom\u00e5l mot den utbildning som huvudmannen bedriver. Klagom\u00e5lshantering inneb\u00e4r att barn, elever, v\u00e5rdnadshavare och andra ska kunna l\u00e4mna sina klagom\u00e5l till [&hellip;]<\/p>\n","protected":false},"author":1,"featured_media":0,"parent":0,"menu_order":0,"comment_status":"closed","ping_status":"closed","template":"","meta":{"footnotes":""},"class_list":["post-16","page","type-page","status-publish","hentry"],"_links":{"self":[{"href":"https:\/\/www.mimerskolan.se\/index.php?rest_route=\/wp\/v2\/pages\/16","targetHints":{"allow":["GET"]}}],"collection":[{"href":"https:\/\/www.mimerskolan.se\/index.php?rest_route=\/wp\/v2\/pages"}],"about":[{"href":"https:\/\/www.mimerskolan.se\/index.php?rest_route=\/wp\/v2\/types\/page"}],"author":[{"embeddable":true,"href":"https:\/\/www.mimerskolan.se\/index.php?rest_route=\/wp\/v2\/users\/1"}],"replies":[{"embeddable":true,"href":"https:\/\/www.mimerskolan.se\/index.php?rest_route=%2Fwp%2Fv2%2Fcomments&post=16"}],"version-history":[{"count":4,"href":"https:\/\/www.mimerskolan.se\/index.php?rest_route=\/wp\/v2\/pages\/16\/revisions"}],"predecessor-version":[{"id":255,"href":"https:\/\/www.mimerskolan.se\/index.php?rest_route=\/wp\/v2\/pages\/16\/revisions\/255"}],"wp:attachment":[{"href":"https:\/\/www.mimerskolan.se\/index.php?rest_route=%2Fwp%2Fv2%2Fmedia&parent=16"}],"curies":[{"name":"wp","href":"https:\/\/api.w.org\/{rel}","templated":true}]}}