{"id":12,"date":"2022-11-17T17:05:51","date_gmt":"2022-11-17T16:05:51","guid":{"rendered":"https:\/\/www.mimerskolan.se\/?page_id=12"},"modified":"2023-01-11T09:16:36","modified_gmt":"2023-01-11T08:16:36","slug":"jobba-hos-oss","status":"publish","type":"page","link":"https:\/\/www.mimerskolan.se\/?page_id=12","title":{"rendered":"Jobba hos oss"},"content":{"rendered":"\n<p>I Mimerskolans grundid\u00e9 finns en stor frihet, flexibilitet och goda m\u00f6jligheter att utveckla sin egen undervisning tillsammans med kunniga och engagerade kollegor.<\/p>\n\n\n\n<p>Skicklig, engagerad, l\u00f6sningsorienterad med ett starkt elevfokus och en utg\u00e5ngspunkt i en helhetssyn p\u00e5 l\u00e4rande. Det \u00e4r nyckelbegrepp f\u00f6r att trivas och utvecklas som medarbetare p\u00e5 Mimerskolan. Vi erbjuder en mycket god studiemilj\u00f6, elevgrupper om 15 elever med utg\u00e5ngspunkt i det tematiska arbetss\u00e4ttet. F\u00f6r att utveckla v\u00e5ra elever l\u00e4gger vi stor vikt vid en bra planering, fram\u00e5tsyftande \u00e5terkoppling och formativ bed\u00f6mning.<\/p>\n\n\n\n<p>Digitala plattformar vi arbetar med \u00e4r Schoolsoft och Google Apps For Education.<\/p>\n\n\n\n<p>H\u00e5llbart yrkesliv och arbetsgl\u00e4dje \u00e4r v\u00e5ra ledord vid utveckling av arbetsmilj\u00f6n.<\/p>\n\n\n\n<p>Att ha en god relation till eleverna d\u00e4r viljan att varje elev ska utvecklas s\u00e5 l\u00e5ngt som m\u00f6jligt. N\u00e4r vi efterfr\u00e5gade slogans fr\u00e5n eleverna kom denna in som sammanfattar v\u00e5r l\u00e4rark\u00e5r: &#8220;Vi har bra l\u00e4rare som f\u00f6rst\u00e5r allt.&#8221; H\u00e4rligt med elevernas f\u00f6rtroende!<\/p>\n\n\n\n<p>Varje \u00e5r genomf\u00f6rs en stor medarbetarunders\u00f6kning f\u00f6r att systematiskt arbeta med att utveckla v\u00e5r verksamhet och arbetsmilj\u00f6. Genom unders\u00f6kningen analyseras utvecklingsomr\u00e5den som sedan \u00e4r en av grundpelarna f\u00f6r skolans utvecklingsarbete.<\/p>\n\n\n\n<p><strong>V\u00e5r Pedagogik<\/strong><\/p>\n\n\n\n<p>V\u00e5r pedagogik grundar sig i en helhetssyn p\u00e5 l\u00e4rande d\u00e4rf\u00f6r arbetar vi tematiskt och \u00e4mnesintegrerat. I olika teman f\u00e5r eleverna uppt\u00e4cka olika dimensioner av samma kunskapsomr\u00e5de och kunskapsutvecklingen gynnas. Att synligg\u00f6ra l\u00e4randet \u00e4r ocks\u00e5 viktigt d\u00e4rf\u00f6r arbetar vi med loggboken som verktyg d\u00e4r eleverna utifr\u00e5n fr\u00e5gor reflekterar \u00f6ver sin skolvardag och utveckling. Att kontinuerligt utv\u00e4rdera sitt arbete ger ocks\u00e5 eleven kunskap att utveckla sina tankar kring det egna l\u00e4randet.<\/p>\n\n\n\n<p>V\u00e5ra f\u00f6rstel\u00e4rare arbetar just nu med l\u00e4randematriser f\u00f6r att \u00f6ka medvetenheten om kunskapskraven och hur eleverna n\u00e5r \u00e4nnu l\u00e4ngre i sin kunskapsutveckling. Vi arbetar ocks\u00e5 med Dylan Wiliams strategier med fokus p\u00e5 feedback.<\/p>\n\n\n\n<p>Vi v\u00e4lkomnar \u00e4ven spontana ans\u00f6kningar via e-post (info@mimerskolan.se).<\/p>\n\n\n\n<figure class=\"wp-block-image size-large\"><img loading=\"lazy\" decoding=\"async\" width=\"1024\" height=\"683\" src=\"https:\/\/www.mimerskolan.se\/wp-content\/uploads\/2022\/11\/fjallen6-1024x683.jpg\" alt=\"\" class=\"wp-image-152\" srcset=\"https:\/\/www.mimerskolan.se\/wp-content\/uploads\/2022\/11\/fjallen6-1024x683.jpg 1024w, https:\/\/www.mimerskolan.se\/wp-content\/uploads\/2022\/11\/fjallen6-300x200.jpg 300w, https:\/\/www.mimerskolan.se\/wp-content\/uploads\/2022\/11\/fjallen6-768x512.jpg 768w, https:\/\/www.mimerskolan.se\/wp-content\/uploads\/2022\/11\/fjallen6-1536x1024.jpg 1536w, https:\/\/www.mimerskolan.se\/wp-content\/uploads\/2022\/11\/fjallen6-2048x1365.jpg 2048w\" sizes=\"auto, (max-width: 1024px) 100vw, 1024px\" \/><\/figure>\n","protected":false},"excerpt":{"rendered":"<p>I Mimerskolans grundid\u00e9 finns en stor frihet, flexibilitet och goda m\u00f6jligheter att utveckla sin egen undervisning tillsammans med kunniga och engagerade kollegor. Skicklig, engagerad, l\u00f6sningsorienterad med ett starkt elevfokus och en utg\u00e5ngspunkt i en helhetssyn p\u00e5 l\u00e4rande. Det \u00e4r nyckelbegrepp f\u00f6r att trivas och utvecklas som medarbetare p\u00e5 Mimerskolan. Vi erbjuder en mycket god studiemilj\u00f6, [&hellip;]<\/p>\n","protected":false},"author":1,"featured_media":0,"parent":0,"menu_order":0,"comment_status":"closed","ping_status":"closed","template":"","meta":{"footnotes":""},"class_list":["post-12","page","type-page","status-publish","hentry"],"_links":{"self":[{"href":"https:\/\/www.mimerskolan.se\/index.php?rest_route=\/wp\/v2\/pages\/12","targetHints":{"allow":["GET"]}}],"collection":[{"href":"https:\/\/www.mimerskolan.se\/index.php?rest_route=\/wp\/v2\/pages"}],"about":[{"href":"https:\/\/www.mimerskolan.se\/index.php?rest_route=\/wp\/v2\/types\/page"}],"author":[{"embeddable":true,"href":"https:\/\/www.mimerskolan.se\/index.php?rest_route=\/wp\/v2\/users\/1"}],"replies":[{"embeddable":true,"href":"https:\/\/www.mimerskolan.se\/index.php?rest_route=%2Fwp%2Fv2%2Fcomments&post=12"}],"version-history":[{"count":4,"href":"https:\/\/www.mimerskolan.se\/index.php?rest_route=\/wp\/v2\/pages\/12\/revisions"}],"predecessor-version":[{"id":272,"href":"https:\/\/www.mimerskolan.se\/index.php?rest_route=\/wp\/v2\/pages\/12\/revisions\/272"}],"wp:attachment":[{"href":"https:\/\/www.mimerskolan.se\/index.php?rest_route=%2Fwp%2Fv2%2Fmedia&parent=12"}],"curies":[{"name":"wp","href":"https:\/\/api.w.org\/{rel}","templated":true}]}}